{"id":3880,"date":"2023-10-09T12:31:09","date_gmt":"2023-10-09T12:31:09","guid":{"rendered":"https:\/\/dev.vibrantskinbar.com\/?post_type=product&#038;p=3880"},"modified":"2023-11-15T19:13:49","modified_gmt":"2023-11-15T19:13:49","slug":"skinmedica-neck-correct-cream-for-neck-and-decollete","status":"publish","type":"product","link":"https:\/\/vibrantskinbar.com\/shop\/product\/skinmedica-neck-correct-cream-for-neck-and-decollete\/","title":{"rendered":"SkinMedica\u00ae Neck Correct Cream for Neck and D\u00e9collet\u00e9"},"content":{"rendered":"<div class=\"product-text\">\n<p>Neck Correct Cream for Neck and D\u00e9collet\u00e9 is a powerfully effective serum uniquely designed to prevent and address the visible signs of neck aging. This luxurious serum is clinically proven to visibly lift, firm, and smooth the skin.<sup class=\"neck_sup\">1<\/sup><\/p>\n<p>Appropriate for all skin types.<\/p>\n<p>Key Benefits<\/p>\n<div class=\"col-sm-6 col-md-4 col-lg-4 left \">\n<div class=\"contentGroup\">\n<p>Clinically proven to:<\/p>\n<ul>\n<li>Firm and tighten the look of crepey skin<\/li>\n<li>Prevent and reduce the look of sagging<\/li>\n<li>Smooth deep lines and wrinkles<\/li>\n<li>Reduce the appearance of dark spots on the d\u00e9collet\u00e9, and improve texture and tone<\/li>\n<\/ul>\n<\/div>\n<\/div>\n<\/div>\n","protected":false},"excerpt":{"rendered":"<div class=\"product-text\">\n<p>Neck Correct Cream for Neck and D\u00e9collet\u00e9 is a powerfully effective serum uniquely designed to prevent and address the visible signs of neck aging. This luxurious serum is clinically proven to visibly lift, firm, and smooth the skin.<sup class=\"neck_sup\">1<\/sup><\/p>\n<p>Appropriate for all skin types.<\/p>\n<\/div>\n","protected":false},"featured_media":4623,"comment_status":"open","ping_status":"closed","template":"","meta":{"_acf_changed":false},"product_brand":[],"product_cat":[15,521,547],"product_tag":[146,375,629,402],"class_list":{"0":"post-3880","1":"product","2":"type-product","3":"status-publish","4":"has-post-thumbnail","6":"product_cat-vibrant-shop","7":"product_cat-neck-care","8":"product_cat-skinmedica","9":"product_tag-anti-aging","10":"product_tag-cream","11":"product_tag-neck-care","12":"product_tag-neck-lines","14":"first","15":"instock","16":"taxable","17":"shipping-taxable","18":"product-type-external"},"bundled_by":[],"bundle_stock_status":"instock","bundle_stock_quantity":null,"bundle_virtual":false,"bundle_layout":"","bundle_add_to_cart_form_location":"","bundle_editable_in_cart":false,"bundle_sold_individually_context":"","bundle_item_grouping":"","bundle_min_size":"","bundle_max_size":"","bundle_price":[],"bundled_items":[],"bundle_sell_ids":[],"acf":[],"yoast_head":"<!-- This site is optimized with the Yoast SEO Premium plugin v26.9 (Yoast SEO v26.9) - https:\/\/yoast.com\/product\/yoast-seo-premium-wordpress\/ -->\n<title>SkinMedica\u00ae Neck Correct Cream for Neck and D\u00e9collet\u00e9<\/title>\n<meta name=\"description\" content=\"Neck Correct Cream for Neck and D\u00e9collet\u00e9 is a powerfully effective serum uniquely designed to prevent and address the visible signs of neck aging.\" \/>\n<meta name=\"robots\" content=\"index, follow, max-snippet:-1, max-image-preview:large, max-video-preview:-1\" \/>\n<link rel=\"canonical\" href=\"https:\/\/vibrantskinbar.com\/shop\/product\/skinmedica-neck-correct-cream-for-neck-and-decollete\/\" \/>\n<meta property=\"og:locale\" content=\"en_US\" \/>\n<meta property=\"og:type\" content=\"article\" \/>\n<meta property=\"og:title\" content=\"SkinMedica\u00ae Neck Correct Cream for Neck and D\u00e9collet\u00e9\" \/>\n<meta property=\"og:description\" content=\"Neck Correct Cream for Neck and D\u00e9collet\u00e9 is a powerfully effective serum uniquely designed to prevent and address the visible signs of neck aging.\" \/>\n<meta property=\"og:url\" content=\"https:\/\/vibrantskinbar.com\/shop\/product\/skinmedica-neck-correct-cream-for-neck-and-decollete\/\" \/>\n<meta property=\"og:site_name\" content=\"Vibrant Skin Shop\" \/>\n<meta property=\"article:publisher\" content=\"https:\/\/www.facebook.com\/vibrantskinbar\/\" \/>\n<meta property=\"article:modified_time\" content=\"2023-11-15T19:13:49+00:00\" \/>\n<meta property=\"og:image\" content=\"https:\/\/vibrantskinbar.com\/shop\/wp-content\/uploads\/2023\/10\/18-Neck-Correct-Cream-for-Neck-and-Decollete.jpg\" \/>\n\t<meta property=\"og:image:width\" content=\"1052\" \/>\n\t<meta property=\"og:image:height\" content=\"1400\" \/>\n\t<meta property=\"og:image:type\" content=\"image\/jpeg\" \/>\n<meta name=\"twitter:card\" content=\"summary_large_image\" \/>\n<meta name=\"twitter:label1\" content=\"Price\" \/>\n\t<meta name=\"twitter:data1\" content=\"&#036;135.00\" \/>\n\t<meta name=\"twitter:label2\" content=\"Availability\" \/>\n\t<meta name=\"twitter:data2\" content=\"In stock\" \/>\n<script type=\"application\/ld+json\" class=\"yoast-schema-graph\">{\"@context\":\"https:\/\/schema.org\",\"@graph\":[{\"@type\":\"WebPage\",\"@id\":\"https:\/\/vibrantskinbar.com\/shop\/product\/skinmedica-neck-correct-cream-for-neck-and-decollete\/\",\"url\":\"https:\/\/vibrantskinbar.com\/shop\/product\/skinmedica-neck-correct-cream-for-neck-and-decollete\/\",\"name\":\"SkinMedica\u00ae Neck Correct Cream for Neck and D\u00e9collet\u00e9\",\"isPartOf\":{\"@id\":\"https:\/\/vibrantskinbar.com\/shop\/#website\"},\"primaryImageOfPage\":{\"@id\":\"https:\/\/vibrantskinbar.com\/shop\/product\/skinmedica-neck-correct-cream-for-neck-and-decollete\/#primaryimage\"},\"image\":{\"@id\":\"https:\/\/vibrantskinbar.com\/shop\/product\/skinmedica-neck-correct-cream-for-neck-and-decollete\/#primaryimage\"},\"thumbnailUrl\":\"https:\/\/vibrantskinbar.com\/shop\/wp-content\/uploads\/2023\/10\/18-Neck-Correct-Cream-for-Neck-and-Decollete.jpg\",\"datePublished\":\"2023-10-09T12:31:09+00:00\",\"dateModified\":\"2023-11-15T19:13:49+00:00\",\"description\":\"Neck Correct Cream for Neck and D\u00e9collet\u00e9 is a powerfully effective serum uniquely designed to prevent and address the visible signs of neck aging.\",\"breadcrumb\":{\"@id\":\"https:\/\/vibrantskinbar.com\/shop\/product\/skinmedica-neck-correct-cream-for-neck-and-decollete\/#breadcrumb\"},\"inLanguage\":\"en-US\",\"potentialAction\":[{\"@type\":\"ReadAction\",\"target\":[\"https:\/\/vibrantskinbar.com\/shop\/product\/skinmedica-neck-correct-cream-for-neck-and-decollete\/\"]}]},{\"@type\":\"ImageObject\",\"inLanguage\":\"en-US\",\"@id\":\"https:\/\/vibrantskinbar.com\/shop\/product\/skinmedica-neck-correct-cream-for-neck-and-decollete\/#primaryimage\",\"url\":\"https:\/\/vibrantskinbar.com\/shop\/wp-content\/uploads\/2023\/10\/18-Neck-Correct-Cream-for-Neck-and-Decollete.jpg\",\"contentUrl\":\"https:\/\/vibrantskinbar.com\/shop\/wp-content\/uploads\/2023\/10\/18-Neck-Correct-Cream-for-Neck-and-Decollete.jpg\",\"width\":1052,\"height\":1400},{\"@type\":\"BreadcrumbList\",\"@id\":\"https:\/\/vibrantskinbar.com\/shop\/product\/skinmedica-neck-correct-cream-for-neck-and-decollete\/#breadcrumb\",\"itemListElement\":[{\"@type\":\"ListItem\",\"position\":1,\"name\":\"Home\",\"item\":\"https:\/\/vibrantskinbar.com\/shop\/\"},{\"@type\":\"ListItem\",\"position\":2,\"name\":\"Shop\",\"item\":\"https:\/\/vibrantskinbar.com\/shop\/products\/\"},{\"@type\":\"ListItem\",\"position\":3,\"name\":\"SkinMedica\u00ae Neck Correct Cream for Neck and D\u00e9collet\u00e9\"}]},{\"@type\":\"WebSite\",\"@id\":\"https:\/\/vibrantskinbar.com\/shop\/#website\",\"url\":\"https:\/\/vibrantskinbar.com\/shop\/\",\"name\":\"Vibrant Skin Shop\",\"description\":\"Best medical-grade skincare\",\"publisher\":{\"@id\":\"https:\/\/vibrantskinbar.com\/shop\/#organization\"},\"alternateName\":\"Vibrant Skin\",\"potentialAction\":[{\"@type\":\"SearchAction\",\"target\":{\"@type\":\"EntryPoint\",\"urlTemplate\":\"https:\/\/vibrantskinbar.com\/shop\/?s={search_term_string}\"},\"query-input\":{\"@type\":\"PropertyValueSpecification\",\"valueRequired\":true,\"valueName\":\"search_term_string\"}}],\"inLanguage\":\"en-US\"},{\"@type\":\"Organization\",\"@id\":\"https:\/\/vibrantskinbar.com\/shop\/#organization\",\"name\":\"Vibrant Skin\",\"alternateName\":\"Vibrant Skin Bar\",\"url\":\"https:\/\/vibrantskinbar.com\/shop\/\",\"logo\":{\"@type\":\"ImageObject\",\"inLanguage\":\"en-US\",\"@id\":\"https:\/\/vibrantskinbar.com\/shop\/#\/schema\/logo\/image\/\",\"url\":\"https:\/\/vibrantskinbar.com\/shop\/wp-content\/uploads\/2023\/11\/Vibrant-logo-loop-e1700235853321.png\",\"contentUrl\":\"https:\/\/vibrantskinbar.com\/shop\/wp-content\/uploads\/2023\/11\/Vibrant-logo-loop-e1700235853321.png\",\"width\":180,\"height\":77,\"caption\":\"Vibrant Skin\"},\"image\":{\"@id\":\"https:\/\/vibrantskinbar.com\/shop\/#\/schema\/logo\/image\/\"},\"sameAs\":[\"https:\/\/www.facebook.com\/vibrantskinbar\/\",\"https:\/\/www.instagram.com\/vibrantskinbar\/\",\"https:\/\/www.youtube.com\/channel\/UCjAIGfDJFLVtCtGuluV9F0w\"],\"description\":\"Our mission is to create the brightest version of you, treating the whole person from the inside out to not only look and feel great but to glow in the vibrations of health. We hope you love our skincare and supplements as much as we do.\",\"email\":\"info@vibrantskin.com\",\"telephone\":\"(480) 422-2058\",\"legalName\":\"Vibrant Skin Bar LLC\",\"foundingDate\":\"2019-01-19\",\"numberOfEmployees\":{\"@type\":\"QuantitativeValue\",\"minValue\":\"11\",\"maxValue\":\"50\"},\"actionableFeedbackPolicy\":\"https:\/\/vibrantskinbar.com\/shop\/terms-conditions\/\",\"correctionsPolicy\":\"https:\/\/vibrantskinbar.com\/shop\/terms-conditions\/\"}]}<\/script>\n<meta property=\"product:price:amount\" content=\"135.00\" \/>\n<meta property=\"product:price:currency\" content=\"USD\" \/>\n<meta property=\"og:availability\" content=\"instock\" \/>\n<meta property=\"product:availability\" content=\"instock\" \/>\n<meta property=\"product:retailer_item_id\" content=\"SM020\" \/>\n<meta property=\"product:condition\" content=\"new\" \/>\n<!-- \/ Yoast SEO Premium plugin. -->","yoast_head_json":{"title":"SkinMedica\u00ae Neck Correct Cream for Neck and D\u00e9collet\u00e9","description":"Neck Correct Cream for Neck and D\u00e9collet\u00e9 is a powerfully effective serum uniquely designed to prevent and address the visible signs of neck aging.","robots":{"index":"index","follow":"follow","max-snippet":"max-snippet:-1","max-image-preview":"max-image-preview:large","max-video-preview":"max-video-preview:-1"},"canonical":"https:\/\/vibrantskinbar.com\/shop\/product\/skinmedica-neck-correct-cream-for-neck-and-decollete\/","og_locale":"en_US","og_type":"article","og_title":"SkinMedica\u00ae Neck Correct Cream for Neck and D\u00e9collet\u00e9","og_description":"Neck Correct Cream for Neck and D\u00e9collet\u00e9 is a powerfully effective serum uniquely designed to prevent and address the visible signs of neck aging.","og_url":"https:\/\/vibrantskinbar.com\/shop\/product\/skinmedica-neck-correct-cream-for-neck-and-decollete\/","og_site_name":"Vibrant Skin Shop","article_publisher":"https:\/\/www.facebook.com\/vibrantskinbar\/","article_modified_time":"2023-11-15T19:13:49+00:00","og_image":[{"width":1052,"height":1400,"url":"https:\/\/vibrantskinbar.com\/shop\/wp-content\/uploads\/2023\/10\/18-Neck-Correct-Cream-for-Neck-and-Decollete.jpg","type":"image\/jpeg"}],"twitter_card":"summary_large_image","twitter_misc":{"Price":"&#36;135.00","Availability":"In stock"},"schema":{"@context":"https:\/\/schema.org","@graph":[{"@type":"WebPage","@id":"https:\/\/vibrantskinbar.com\/shop\/product\/skinmedica-neck-correct-cream-for-neck-and-decollete\/","url":"https:\/\/vibrantskinbar.com\/shop\/product\/skinmedica-neck-correct-cream-for-neck-and-decollete\/","name":"SkinMedica\u00ae Neck Correct Cream for Neck and D\u00e9collet\u00e9","isPartOf":{"@id":"https:\/\/vibrantskinbar.com\/shop\/#website"},"primaryImageOfPage":{"@id":"https:\/\/vibrantskinbar.com\/shop\/product\/skinmedica-neck-correct-cream-for-neck-and-decollete\/#primaryimage"},"image":{"@id":"https:\/\/vibrantskinbar.com\/shop\/product\/skinmedica-neck-correct-cream-for-neck-and-decollete\/#primaryimage"},"thumbnailUrl":"https:\/\/vibrantskinbar.com\/shop\/wp-content\/uploads\/2023\/10\/18-Neck-Correct-Cream-for-Neck-and-Decollete.jpg","datePublished":"2023-10-09T12:31:09+00:00","dateModified":"2023-11-15T19:13:49+00:00","description":"Neck Correct Cream for Neck and D\u00e9collet\u00e9 is a powerfully effective serum uniquely designed to prevent and address the visible signs of neck aging.","breadcrumb":{"@id":"https:\/\/vibrantskinbar.com\/shop\/product\/skinmedica-neck-correct-cream-for-neck-and-decollete\/#breadcrumb"},"inLanguage":"en-US","potentialAction":[{"@type":"ReadAction","target":["https:\/\/vibrantskinbar.com\/shop\/product\/skinmedica-neck-correct-cream-for-neck-and-decollete\/"]}]},{"@type":"ImageObject","inLanguage":"en-US","@id":"https:\/\/vibrantskinbar.com\/shop\/product\/skinmedica-neck-correct-cream-for-neck-and-decollete\/#primaryimage","url":"https:\/\/vibrantskinbar.com\/shop\/wp-content\/uploads\/2023\/10\/18-Neck-Correct-Cream-for-Neck-and-Decollete.jpg","contentUrl":"https:\/\/vibrantskinbar.com\/shop\/wp-content\/uploads\/2023\/10\/18-Neck-Correct-Cream-for-Neck-and-Decollete.jpg","width":1052,"height":1400},{"@type":"BreadcrumbList","@id":"https:\/\/vibrantskinbar.com\/shop\/product\/skinmedica-neck-correct-cream-for-neck-and-decollete\/#breadcrumb","itemListElement":[{"@type":"ListItem","position":1,"name":"Home","item":"https:\/\/vibrantskinbar.com\/shop\/"},{"@type":"ListItem","position":2,"name":"Shop","item":"https:\/\/vibrantskinbar.com\/shop\/products\/"},{"@type":"ListItem","position":3,"name":"SkinMedica\u00ae Neck Correct Cream for Neck and D\u00e9collet\u00e9"}]},{"@type":"WebSite","@id":"https:\/\/vibrantskinbar.com\/shop\/#website","url":"https:\/\/vibrantskinbar.com\/shop\/","name":"Vibrant Skin Shop","description":"Best medical-grade skincare","publisher":{"@id":"https:\/\/vibrantskinbar.com\/shop\/#organization"},"alternateName":"Vibrant Skin","potentialAction":[{"@type":"SearchAction","target":{"@type":"EntryPoint","urlTemplate":"https:\/\/vibrantskinbar.com\/shop\/?s={search_term_string}"},"query-input":{"@type":"PropertyValueSpecification","valueRequired":true,"valueName":"search_term_string"}}],"inLanguage":"en-US"},{"@type":"Organization","@id":"https:\/\/vibrantskinbar.com\/shop\/#organization","name":"Vibrant Skin","alternateName":"Vibrant Skin Bar","url":"https:\/\/vibrantskinbar.com\/shop\/","logo":{"@type":"ImageObject","inLanguage":"en-US","@id":"https:\/\/vibrantskinbar.com\/shop\/#\/schema\/logo\/image\/","url":"https:\/\/vibrantskinbar.com\/shop\/wp-content\/uploads\/2023\/11\/Vibrant-logo-loop-e1700235853321.png","contentUrl":"https:\/\/vibrantskinbar.com\/shop\/wp-content\/uploads\/2023\/11\/Vibrant-logo-loop-e1700235853321.png","width":180,"height":77,"caption":"Vibrant Skin"},"image":{"@id":"https:\/\/vibrantskinbar.com\/shop\/#\/schema\/logo\/image\/"},"sameAs":["https:\/\/www.facebook.com\/vibrantskinbar\/","https:\/\/www.instagram.com\/vibrantskinbar\/","https:\/\/www.youtube.com\/channel\/UCjAIGfDJFLVtCtGuluV9F0w"],"description":"Our mission is to create the brightest version of you, treating the whole person from the inside out to not only look and feel great but to glow in the vibrations of health. We hope you love our skincare and supplements as much as we do.","email":"info@vibrantskin.com","telephone":"(480) 422-2058","legalName":"Vibrant Skin Bar LLC","foundingDate":"2019-01-19","numberOfEmployees":{"@type":"QuantitativeValue","minValue":"11","maxValue":"50"},"actionableFeedbackPolicy":"https:\/\/vibrantskinbar.com\/shop\/terms-conditions\/","correctionsPolicy":"https:\/\/vibrantskinbar.com\/shop\/terms-conditions\/"}]},"product_price_amount":"135.00","product_price_currency":"USD","og_availability":"instock","product_availability":"instock","product_retailer_item_id":"SM020","product_condition":"new"},"_links":{"self":[{"href":"https:\/\/vibrantskinbar.com\/shop\/wp-json\/wp\/v2\/product\/3880","targetHints":{"allow":["GET"]}}],"collection":[{"href":"https:\/\/vibrantskinbar.com\/shop\/wp-json\/wp\/v2\/product"}],"about":[{"href":"https:\/\/vibrantskinbar.com\/shop\/wp-json\/wp\/v2\/types\/product"}],"replies":[{"embeddable":true,"href":"https:\/\/vibrantskinbar.com\/shop\/wp-json\/wp\/v2\/comments?post=3880"}],"wp:featuredmedia":[{"embeddable":true,"href":"https:\/\/vibrantskinbar.com\/shop\/wp-json\/wp\/v2\/media\/4623"}],"wp:attachment":[{"href":"https:\/\/vibrantskinbar.com\/shop\/wp-json\/wp\/v2\/media?parent=3880"}],"wp:term":[{"taxonomy":"product_brand","embeddable":true,"href":"https:\/\/vibrantskinbar.com\/shop\/wp-json\/wp\/v2\/product_brand?post=3880"},{"taxonomy":"product_cat","embeddable":true,"href":"https:\/\/vibrantskinbar.com\/shop\/wp-json\/wp\/v2\/product_cat?post=3880"},{"taxonomy":"product_tag","embeddable":true,"href":"https:\/\/vibrantskinbar.com\/shop\/wp-json\/wp\/v2\/product_tag?post=3880"}],"curies":[{"name":"wp","href":"https:\/\/api.w.org\/{rel}","templated":true}]}}